{"id":229,"date":"2017-11-26T10:31:36","date_gmt":"2017-11-26T10:31:36","guid":{"rendered":"https:\/\/www.d-imagery.com\/?page_id=229"},"modified":"2020-10-03T16:27:03","modified_gmt":"2020-10-03T16:27:03","slug":"prints","status":"publish","type":"page","link":"https:\/\/www.d-imagery.com\/index.php\/prints\/","title":{"rendered":"Prints"},"content":{"rendered":"<div class=\"one withsmallpadding ppb_text\" style=\"padding: 100px 0 100px 0;\">\n<div class=\"standard_wrapper\">\n<div class=\"page_content_wrapper\">\n<div class=\"inner\">\n<div style=\"margin: auto; width: 100%;\">\n<h2 class=\"ppb_title\" style=\"text-align: center;\">Prints \/ Kunstdrucke<\/h2>\n<p><center><\/p>\n<hr class=\"title_break center\" \/>\n<p><\/center><\/p>\n<div style=\"margin-top: 20px;\">\n<p style=\"text-align: center;\">Prints are available on request.<br \/>They will be produced as individual high quality fine art prints, uniquely to your own taste and preference. If interested, please contact me directly to discuss the possible configurations and details.\n<\/p>\n<p style=\"text-align: center;\">There are no official printed editions of my images.\n<\/p>\n<p style=\"text-align: center;\">Please also contact me for license requests.\n<\/p>\n<p><center><\/p>\n<hr class=\"title_break center\" \/>\n<p><\/center><\/p>\n<p style=\"text-align: center;\">Drucke sind auf Anfrage erh\u00e4ltlich.<br \/>Es handelt sich um Einzelst\u00fccke, die als hochwertige Kunstdrucke nach deinen pers\u00f6nlichen Vorstellungen gefertigt werden. Bei Interesse kontaktiere mich bitte direkt um die m\u00f6glichen Konfigurationen und Details abzustimmen.\n<\/p>\n<p style=\"text-align: center;\">Es existieren keine offiziellen Editionen meiner Bilder.\n<\/p>\n<p style=\"text-align: center;\">Lizensierungen werden ebenfalls auf Anfrage erteilt.\n<\/p>\n<p><center><\/p>\n<hr class=\"title_break center\" \/>\n<p><\/center><\/p>\n<p style=\"text-align: center;\">Contact me:<br \/>\n<a href=\"mailto:info@d-imagery.com\">info@d-imagery.com<\/a><\/p>\n<\/div>\n<\/div>\n<\/div>\n<\/div>\n<\/div>\n<\/div>\n","protected":false},"excerpt":{"rendered":"","protected":false},"author":1,"featured_media":0,"parent":0,"menu_order":0,"comment_status":"closed","ping_status":"closed","template":"","meta":{"_monsterinsights_skip_tracking":false,"_monsterinsights_sitenote_active":false,"_monsterinsights_sitenote_note":"","_monsterinsights_sitenote_category":0,"footnotes":""},"class_list":["post-229","page","type-page","status-publish","hentry"],"_links":{"self":[{"href":"https:\/\/www.d-imagery.com\/index.php\/wp-json\/wp\/v2\/pages\/229","targetHints":{"allow":["GET"]}}],"collection":[{"href":"https:\/\/www.d-imagery.com\/index.php\/wp-json\/wp\/v2\/pages"}],"about":[{"href":"https:\/\/www.d-imagery.com\/index.php\/wp-json\/wp\/v2\/types\/page"}],"author":[{"embeddable":true,"href":"https:\/\/www.d-imagery.com\/index.php\/wp-json\/wp\/v2\/users\/1"}],"replies":[{"embeddable":true,"href":"https:\/\/www.d-imagery.com\/index.php\/wp-json\/wp\/v2\/comments?post=229"}],"version-history":[{"count":18,"href":"https:\/\/www.d-imagery.com\/index.php\/wp-json\/wp\/v2\/pages\/229\/revisions"}],"predecessor-version":[{"id":395,"href":"https:\/\/www.d-imagery.com\/index.php\/wp-json\/wp\/v2\/pages\/229\/revisions\/395"}],"wp:attachment":[{"href":"https:\/\/www.d-imagery.com\/index.php\/wp-json\/wp\/v2\/media?parent=229"}],"curies":[{"name":"wp","href":"https:\/\/api.w.org\/{rel}","templated":true}]}}